{"id":990893,"date":"2025-10-02T02:31:41","date_gmt":"2025-10-02T02:31:41","guid":{"rendered":"https:\/\/greyskygraphics-demo.com\/demos\/bplogistics25\/?page_id=990893"},"modified":"2025-10-02T17:20:54","modified_gmt":"2025-10-02T17:20:54","slug":"cotizacion","status":"publish","type":"page","link":"https:\/\/greyskygraphics-demo.com\/demos\/bplogistics25\/cotizacion\/","title":{"rendered":"Cotizacion"},"content":{"rendered":"\t\t<div data-elementor-type=\"wp-page\" data-elementor-id=\"990893\" class=\"elementor elementor-990893\" data-elementor-post-type=\"page\">\n\t\t\t\t<div class=\"elementor-element elementor-element-e12ab45 e-flex e-con-boxed e-con e-parent\" data-id=\"e12ab45\" data-element_type=\"container\" data-settings=\"{&quot;background_background&quot;:&quot;classic&quot;}\">\n\t\t\t\t\t<div class=\"e-con-inner\">\n\t\t<div class=\"elementor-element elementor-element-26ad3e1 e-con-full e-flex e-con e-child\" data-id=\"26ad3e1\" data-element_type=\"container\">\n\t\t\t\t<div class=\"elementor-element elementor-element-2db8d25 elementor-widget elementor-widget-heading\" data-id=\"2db8d25\" data-element_type=\"widget\" data-widget_type=\"heading.default\">\n\t\t\t\t<div class=\"elementor-widget-container\">\n\t\t\t\t\t<h2 class=\"elementor-heading-title elementor-size-default\">Cotizaci\u00f3n<\/h2>\t\t\t\t<\/div>\n\t\t\t\t<\/div>\n\t\t\t\t<div class=\"elementor-element elementor-element-475a1e4 elementor-widget elementor-widget-heading\" data-id=\"475a1e4\" data-element_type=\"widget\" data-widget_type=\"heading.default\">\n\t\t\t\t<div class=\"elementor-widget-container\">\n\t\t\t\t\t<h2 class=\"elementor-heading-title elementor-size-default\">Solicita tu cotizaci\u00f3n con nosotros<\/h2>\t\t\t\t<\/div>\n\t\t\t\t<\/div>\n\t\t\t\t<\/div>\n\t\t\t\t\t<\/div>\n\t\t\t\t<\/div>\n\t\t<div class=\"elementor-element elementor-element-e8ce5f6 e-flex e-con-boxed e-con e-parent\" data-id=\"e8ce5f6\" data-element_type=\"container\">\n\t\t\t\t\t<div class=\"e-con-inner\">\n\t\t<div class=\"elementor-element elementor-element-14879a4c e-con-full e-flex e-con e-child\" data-id=\"14879a4c\" data-element_type=\"container\">\n\t\t\t\t<\/div>\n\t\t<div class=\"elementor-element elementor-element-371c0e58 e-con-full e-flex e-con e-child\" data-id=\"371c0e58\" data-element_type=\"container\">\n\t\t\t\t<div class=\"vamtam-has-theme-widget-styles elementor-element elementor-element-3b4ec757 elementor-button-align-stretch elementor-widget elementor-widget-form\" data-id=\"3b4ec757\" data-element_type=\"widget\" data-settings=\"{&quot;button_width&quot;:&quot;33&quot;,&quot;step_next_label&quot;:&quot;Siguiente&quot;,&quot;step_previous_label&quot;:&quot;Anterior&quot;,&quot;step_type&quot;:&quot;number_text&quot;,&quot;step_icon_shape&quot;:&quot;circle&quot;}\" data-widget_type=\"form.default\">\n\t\t\t\t<div class=\"elementor-widget-container\">\n\t\t\t\t\t\t\t<form class=\"elementor-form\" method=\"post\" name=\"Nuevo formulario\" aria-label=\"Nuevo formulario\">\n\t\t\t<input type=\"hidden\" name=\"post_id\" value=\"990893\"\/>\n\t\t\t<input type=\"hidden\" name=\"form_id\" value=\"3b4ec757\"\/>\n\t\t\t<input type=\"hidden\" name=\"referer_title\" value=\"\" \/>\n\n\t\t\t\n\t\t\t<div class=\"elementor-form-fields-wrapper elementor-labels-above\">\n\t\t\t\t\t\t\t\t<div class=\"elementor-field-type-html elementor-field-group elementor-column elementor-field-group-name elementor-col-100\">\n\t\t\t\t\t<strong>A. Informaci\u00f3n general<\/strong>\t\t\t\t<\/div>\n\t\t\t\t\t\t\t\t<div class=\"elementor-field-type-text elementor-field-group elementor-column elementor-field-group-c_name elementor-col-100 elementor-field-required\">\n\t\t\t\t\t\t\t\t\t\t\t\t<label for=\"form-field-c_name\" class=\"elementor-field-label\">\n\t\t\t\t\t\t\t\tNombre\t\t\t\t\t\t\t<\/label>\n\t\t\t\t\t\t\t\t\t\t\t\t\t\t<input size=\"1\" type=\"text\" name=\"form_fields[c_name]\" id=\"form-field-c_name\" class=\"elementor-field elementor-size-sm  elementor-field-textual\" required=\"required\">\n\t\t\t\t\t\t\t\t\t\t\t<\/div>\n\t\t\t\t\t\t\t\t<div class=\"elementor-field-type-email elementor-field-group elementor-column elementor-field-group-c_email elementor-col-100 elementor-field-required\">\n\t\t\t\t\t\t\t\t\t\t\t\t<label for=\"form-field-c_email\" class=\"elementor-field-label\">\n\t\t\t\t\t\t\t\tEmail\t\t\t\t\t\t\t<\/label>\n\t\t\t\t\t\t\t\t\t\t\t\t\t\t<input size=\"1\" type=\"email\" name=\"form_fields[c_email]\" id=\"form-field-c_email\" class=\"elementor-field elementor-size-sm  elementor-field-textual\" required=\"required\">\n\t\t\t\t\t\t\t\t\t\t\t<\/div>\n\t\t\t\t\t\t\t\t<div class=\"elementor-field-type-text elementor-field-group elementor-column elementor-field-group-c_company elementor-col-100\">\n\t\t\t\t\t\t\t\t\t\t\t\t<label for=\"form-field-c_company\" class=\"elementor-field-label\">\n\t\t\t\t\t\t\t\tEmpresa\t\t\t\t\t\t\t<\/label>\n\t\t\t\t\t\t\t\t\t\t\t\t\t\t<input size=\"1\" type=\"text\" name=\"form_fields[c_company]\" id=\"form-field-c_company\" class=\"elementor-field elementor-size-sm  elementor-field-textual\">\n\t\t\t\t\t\t\t\t\t\t\t<\/div>\n\t\t\t\t\t\t\t\t<div class=\"elementor-field-type-radio elementor-field-group elementor-column elementor-field-group-c_question1 elementor-col-100 elementor-field-required\">\n\t\t\t\t\t\t\t\t\t\t\t\t<label for=\"form-field-c_question1\" class=\"elementor-field-label\">\n\t\t\t\t\t\t\t\t1. \u00bfEn qu\u00e9 pa\u00eds desea operar con nosotros?\t\t\t\t\t\t\t<\/label>\n\t\t\t\t\t\t<div class=\"elementor-field-subgroup  elementor-subgroup-inline\"><span class=\"elementor-field-option\"><input type=\"radio\" value=\"El Salvador\" id=\"form-field-c_question1-0\" name=\"form_fields[c_question1]\" required=\"required\"> <label for=\"form-field-c_question1-0\">El Salvador<\/label><\/span><span class=\"elementor-field-option\"><input type=\"radio\" value=\"Panam\u00e1\" id=\"form-field-c_question1-1\" name=\"form_fields[c_question1]\" required=\"required\"> <label for=\"form-field-c_question1-1\">Panam\u00e1<\/label><\/span><span class=\"elementor-field-option\"><input type=\"radio\" value=\"Ambos\" id=\"form-field-c_question1-2\" name=\"form_fields[c_question1]\" required=\"required\"> <label for=\"form-field-c_question1-2\">Ambos<\/label><\/span><\/div>\t\t\t\t<\/div>\n\t\t\t\t\t\t\t\t<div class=\"elementor-field-type-textarea elementor-field-group elementor-column elementor-field-group-c_question2 elementor-col-100\">\n\t\t\t\t\t\t\t\t\t\t\t\t<label for=\"form-field-c_question2\" class=\"elementor-field-label\">\n\t\t\t\t\t\t\t\t2. \u00bfQu\u00e9 producto(s) est\u00e1 interesado en manejar con nosotros?\t\t\t\t\t\t\t<\/label>\n\t\t\t\t\t\t<textarea class=\"elementor-field-textual elementor-field  elementor-size-sm\" name=\"form_fields[c_question2]\" id=\"form-field-c_question2\" rows=\"3\"><\/textarea>\t\t\t\t<\/div>\n\t\t\t\t\t\t\t\t<div class=\"elementor-field-type-radio elementor-field-group elementor-column elementor-field-group-c_question3 elementor-col-100 elementor-field-required\">\n\t\t\t\t\t\t\t\t\t\t\t\t<label for=\"form-field-c_question3\" class=\"elementor-field-label\">\n\t\t\t\t\t\t\t\t3. \u00bfC\u00f3mo ingresar\u00e1 su mercanc\u00eda al centro de distribuci\u00f3n?\t\t\t\t\t\t\t<\/label>\n\t\t\t\t\t\t<div class=\"elementor-field-subgroup  elementor-subgroup-inline\"><span class=\"elementor-field-option\"><input type=\"radio\" value=\"Mar\u00edtimo\" id=\"form-field-c_question3-0\" name=\"form_fields[c_question3]\" required=\"required\"> <label for=\"form-field-c_question3-0\">Mar\u00edtimo<\/label><\/span><span class=\"elementor-field-option\"><input type=\"radio\" value=\"A\u00e9reo\" id=\"form-field-c_question3-1\" name=\"form_fields[c_question3]\" required=\"required\"> <label for=\"form-field-c_question3-1\">A\u00e9reo<\/label><\/span><span class=\"elementor-field-option\"><input type=\"radio\" value=\"Terrestre\" id=\"form-field-c_question3-2\" name=\"form_fields[c_question3]\" required=\"required\"> <label for=\"form-field-c_question3-2\">Terrestre<\/label><\/span><\/div>\t\t\t\t<\/div>\n\t\t\t\t\t\t\t\t<div class=\"elementor-field-type-textarea elementor-field-group elementor-column elementor-field-group-c_question4 elementor-col-100\">\n\t\t\t\t\t\t\t\t\t\t\t\t<label for=\"form-field-c_question4\" class=\"elementor-field-label\">\n\t\t\t\t\t\t\t\t4. \u00bfCu\u00e1l es el volumen estimado de ingreso? <br> (cantidad y tipo de contenedores por mes, peso promedio y valor CIF).\t\t\t\t\t\t\t<\/label>\n\t\t\t\t\t\t<textarea class=\"elementor-field-textual elementor-field  elementor-size-sm\" name=\"form_fields[c_question4]\" id=\"form-field-c_question4\" rows=\"3\"><\/textarea>\t\t\t\t<\/div>\n\t\t\t\t\t\t\t\t<div class=\"elementor-field-type-textarea elementor-field-group elementor-column elementor-field-group-c_question5 elementor-col-100\">\n\t\t\t\t\t\t\t\t\t\t\t\t<label for=\"form-field-c_question5\" class=\"elementor-field-label\">\n\t\t\t\t\t\t\t\t5. \u00bfCu\u00e1l ser\u00e1 el promedio mensual de recepciones y tipo de bultos por recepci\u00f3n?\t\t\t\t\t\t\t<\/label>\n\t\t\t\t\t\t<textarea class=\"elementor-field-textual elementor-field  elementor-size-sm\" name=\"form_fields[c_question5]\" id=\"form-field-c_question5\" rows=\"3\"><\/textarea>\t\t\t\t<\/div>\n\t\t\t\t\t\t\t\t<div class=\"elementor-field-type-textarea elementor-field-group elementor-column elementor-field-group-c_question6 elementor-col-100\">\n\t\t\t\t\t\t\t\t\t\t\t\t<label for=\"form-field-c_question6\" class=\"elementor-field-label\">\n\t\t\t\t\t\t\t\t6. \u00bfRequiere servicio de transporte internacional para el ingreso? <br>En caso afirmativo, favor detallar la ruta de origen\u2013destino.\t\t\t\t\t\t\t<\/label>\n\t\t\t\t\t\t<textarea class=\"elementor-field-textual elementor-field  elementor-size-sm\" name=\"form_fields[c_question6]\" id=\"form-field-c_question6\" rows=\"3\"><\/textarea>\t\t\t\t<\/div>\n\t\t\t\t\t\t\t\t<div class=\"elementor-field-type-html elementor-field-group elementor-column elementor-field-group-field_71da0f8 elementor-col-100\">\n\t\t\t\t\t<strong>B. Operaciones dentro del centro de distribuci\u00f3n<\/strong>\t\t\t\t<\/div>\n\t\t\t\t\t\t\t\t<div class=\"elementor-field-type-textarea elementor-field-group elementor-column elementor-field-group-c_question7 elementor-col-100\">\n\t\t\t\t\t\t\t\t\t\t\t\t<label for=\"form-field-c_question7\" class=\"elementor-field-label\">\n\t\t\t\t\t\t\t\t7. \u00bfQu\u00e9 volumen promedio almacenar\u00e1 y cu\u00e1ntos SKUs mantendr\u00e1 en inventario?\t\t\t\t\t\t\t<\/label>\n\t\t\t\t\t\t<textarea class=\"elementor-field-textual elementor-field  elementor-size-sm\" name=\"form_fields[c_question7]\" id=\"form-field-c_question7\" rows=\"3\"><\/textarea>\t\t\t\t<\/div>\n\t\t\t\t\t\t\t\t<div class=\"elementor-field-type-textarea elementor-field-group elementor-column elementor-field-group-c_question8 elementor-col-100\">\n\t\t\t\t\t\t\t\t\t\t\t\t<label for=\"form-field-c_question8\" class=\"elementor-field-label\">\n\t\t\t\t\t\t\t\t8. \u00bfCu\u00e1l es el promedio de pedidos mensuales y de SKUs por pedido?\t\t\t\t\t\t\t<\/label>\n\t\t\t\t\t\t<textarea class=\"elementor-field-textual elementor-field  elementor-size-sm\" name=\"form_fields[c_question8]\" id=\"form-field-c_question8\" rows=\"3\"><\/textarea>\t\t\t\t<\/div>\n\t\t\t\t\t\t\t\t<div class=\"elementor-field-type-textarea elementor-field-group elementor-column elementor-field-group-c_question9 elementor-col-100\">\n\t\t\t\t\t\t\t\t\t\t\t\t<label for=\"form-field-c_question9\" class=\"elementor-field-label\">\n\t\t\t\t\t\t\t\t9. \u00bfLos pedidos requieren despacho en cajas completas o fraccionamiento?\t\t\t\t\t\t\t<\/label>\n\t\t\t\t\t\t<textarea class=\"elementor-field-textual elementor-field  elementor-size-sm\" name=\"form_fields[c_question9]\" id=\"form-field-c_question9\" rows=\"3\"><\/textarea>\t\t\t\t<\/div>\n\t\t\t\t\t\t\t\t<div class=\"elementor-field-type-textarea elementor-field-group elementor-column elementor-field-group-c_question10 elementor-col-100\">\n\t\t\t\t\t\t\t\t\t\t\t\t<label for=\"form-field-c_question10\" class=\"elementor-field-label\">\n\t\t\t\t\t\t\t\t10. \u00bfNecesita servicios de valor agregado (empaque, fraccionamiento, etiquetado, control de calidad, armado de kits, etc.)?<br> En caso afirmativo, \u00bfqu\u00e9 volumen aproximado se procesar\u00e1 por mes o semana?\t\t\t\t\t\t\t<\/label>\n\t\t\t\t\t\t<textarea class=\"elementor-field-textual elementor-field  elementor-size-sm\" name=\"form_fields[c_question10]\" id=\"form-field-c_question10\" rows=\"3\"><\/textarea>\t\t\t\t<\/div>\n\t\t\t\t\t\t\t\t<div class=\"elementor-field-type-html elementor-field-group elementor-column elementor-field-group-field_c9d9a29 elementor-col-100\">\n\t\t\t\t\t<strong>C. Distribuci\u00f3n nacional e internacional<\/strong>\t\t\t\t<\/div>\n\t\t\t\t\t\t\t\t<div class=\"elementor-field-type-textarea elementor-field-group elementor-column elementor-field-group-c_question11 elementor-col-100\">\n\t\t\t\t\t\t\t\t\t\t\t\t<label for=\"form-field-c_question11\" class=\"elementor-field-label\">\n\t\t\t\t\t\t\t\t11. \u00bfA qu\u00e9 pa\u00edses se abastecer\u00e1 desde nuestras bodegas, con qu\u00e9 frecuencia y qu\u00e9 valor CIF\/FOB promedio tendr\u00e1n las salidas?\t\t\t\t\t\t\t<\/label>\n\t\t\t\t\t\t<textarea class=\"elementor-field-textual elementor-field  elementor-size-sm\" name=\"form_fields[c_question11]\" id=\"form-field-c_question11\" rows=\"3\"><\/textarea>\t\t\t\t<\/div>\n\t\t\t\t\t\t\t\t<div class=\"elementor-field-type-textarea elementor-field-group elementor-column elementor-field-group-c_question12 elementor-col-100\">\n\t\t\t\t\t\t\t\t\t\t\t\t<label for=\"form-field-c_question12\" class=\"elementor-field-label\">\n\t\t\t\t\t\t\t\t12. \u00bfRequiere servicio de transporte internacional para las salidas? <br>En caso afirmativo, favor detallar la ruta de origen\u2013destino.\t\t\t\t\t\t\t<\/label>\n\t\t\t\t\t\t<textarea class=\"elementor-field-textual elementor-field  elementor-size-sm\" name=\"form_fields[c_question12]\" id=\"form-field-c_question12\" rows=\"3\"><\/textarea>\t\t\t\t<\/div>\n\t\t\t\t\t\t\t\t<div class=\"elementor-field-type-textarea elementor-field-group elementor-column elementor-field-group-c_question13 elementor-col-100\">\n\t\t\t\t\t\t\t\t\t\t\t\t<label for=\"form-field-c_question13\" class=\"elementor-field-label\">\n\t\t\t\t\t\t\t\t13. \u00bfPuede proporcionarnos la partida arancelaria\u00a0de sus productos?\t\t\t\t\t\t\t<\/label>\n\t\t\t\t\t\t<textarea class=\"elementor-field-textual elementor-field  elementor-size-sm\" name=\"form_fields[c_question13]\" id=\"form-field-c_question13\" rows=\"3\"><\/textarea>\t\t\t\t<\/div>\n\t\t\t\t\t\t\t\t<div class=\"elementor-field-type-text\">\n\t\t\t\t\t<input size=\"1\" type=\"text\" name=\"form_fields[honeyspot]\" id=\"form-field-honeyspot\" class=\"elementor-field elementor-size-sm \" style=\"display:none !important;\">\t\t\t\t<\/div>\n\t\t\t\t\t\t\t\t<div class=\"elementor-field-group elementor-column elementor-field-type-submit elementor-col-33 e-form__buttons\">\n\t\t\t\t\t<button class=\"elementor-button elementor-size-sm\" type=\"submit\">\n\t\t\t\t\t\t<span class=\"elementor-button-content-wrapper\">\n\t\t\t\t\t\t\t\t\t\t\t\t\t\t\t\t\t\t\t\t\t\t<span class=\"elementor-button-text\">Enviar<\/span>\n\t\t\t\t\t\t\t\t\t\t\t\t\t<\/span>\n\t\t\t\t\t<\/button>\n\t\t\t\t<\/div>\n\t\t\t<\/div>\n\t\t<\/form>\n\t\t\t\t\t\t<\/div>\n\t\t\t\t<\/div>\n\t\t\t\t<\/div>\n\t\t<div class=\"elementor-element elementor-element-1372f455 e-con-full e-flex e-con e-child\" data-id=\"1372f455\" data-element_type=\"container\">\n\t\t\t\t<\/div>\n\t\t\t\t\t<\/div>\n\t\t\t\t<\/div>\n\t\t\t\t<\/div>\n\t\t","protected":false},"excerpt":{"rendered":"<p>Cotizaci\u00f3n Solicita tu cotizaci\u00f3n con nosotros<\/p>\n","protected":false},"author":1,"featured_media":0,"parent":0,"menu_order":0,"comment_status":"closed","ping_status":"closed","template":"","meta":{"footnotes":""},"class_list":["post-990893","page","type-page","status-publish","hentry"],"_links":{"self":[{"href":"https:\/\/greyskygraphics-demo.com\/demos\/bplogistics25\/wp-json\/wp\/v2\/pages\/990893","targetHints":{"allow":["GET"]}}],"collection":[{"href":"https:\/\/greyskygraphics-demo.com\/demos\/bplogistics25\/wp-json\/wp\/v2\/pages"}],"about":[{"href":"https:\/\/greyskygraphics-demo.com\/demos\/bplogistics25\/wp-json\/wp\/v2\/types\/page"}],"author":[{"embeddable":true,"href":"https:\/\/greyskygraphics-demo.com\/demos\/bplogistics25\/wp-json\/wp\/v2\/users\/1"}],"replies":[{"embeddable":true,"href":"https:\/\/greyskygraphics-demo.com\/demos\/bplogistics25\/wp-json\/wp\/v2\/comments?post=990893"}],"version-history":[{"count":13,"href":"https:\/\/greyskygraphics-demo.com\/demos\/bplogistics25\/wp-json\/wp\/v2\/pages\/990893\/revisions"}],"predecessor-version":[{"id":990930,"href":"https:\/\/greyskygraphics-demo.com\/demos\/bplogistics25\/wp-json\/wp\/v2\/pages\/990893\/revisions\/990930"}],"wp:attachment":[{"href":"https:\/\/greyskygraphics-demo.com\/demos\/bplogistics25\/wp-json\/wp\/v2\/media?parent=990893"}],"curies":[{"name":"wp","href":"https:\/\/api.w.org\/{rel}","templated":true}]}}