{"id":989765,"date":"2025-06-12T23:54:24","date_gmt":"2025-06-12T23:54:24","guid":{"rendered":"https:\/\/greyskygraphics-demo.com\/demos\/bplogistics25\/?page_id=989765"},"modified":"2025-09-10T21:20:50","modified_gmt":"2025-09-10T21:20:50","slug":"blog-en","status":"publish","type":"page","link":"https:\/\/greyskygraphics-demo.com\/demos\/bplogistics25\/en\/blog-en\/","title":{"rendered":"Blog- en"},"content":{"rendered":"\t\t<div data-elementor-type=\"wp-page\" data-elementor-id=\"989765\" class=\"elementor elementor-989765\" data-elementor-post-type=\"page\">\n\t\t\t\t<div class=\"elementor-element elementor-element-37e1196 e-con-full e-flex e-con e-parent\" data-id=\"37e1196\" data-element_type=\"container\" data-settings=\"{&quot;background_background&quot;:&quot;classic&quot;}\">\n\t\t<div class=\"elementor-element elementor-element-0b28604 e-con-full e-flex e-con e-child\" data-id=\"0b28604\" data-element_type=\"container\">\n\t\t\t\t<div class=\"elementor-element elementor-element-76bf838 elementor-widget elementor-widget-heading\" data-id=\"76bf838\" data-element_type=\"widget\" data-widget_type=\"heading.default\">\n\t\t\t\t<div class=\"elementor-widget-container\">\n\t\t\t\t\t<h2 class=\"elementor-heading-title elementor-size-default\">Blog<\/h2>\t\t\t\t<\/div>\n\t\t\t\t<\/div>\n\t\t\t\t<div class=\"elementor-element elementor-element-8c8d2b9 elementor-widget__width-initial elementor-widget-tablet__width-inherit elementor-widget elementor-widget-heading\" data-id=\"8c8d2b9\" data-element_type=\"widget\" data-widget_type=\"heading.default\">\n\t\t\t\t<div class=\"elementor-widget-container\">\n\t\t\t\t\t<h2 class=\"elementor-heading-title elementor-size-default\">We share useful content to optimize your operations and grow your business.<br class=\"hide-on-mobile\">\nTrends, news, and tips on logistics, warehousing, and distribution.<\/h2>\t\t\t\t<\/div>\n\t\t\t\t<\/div>\n\t\t\t\t<\/div>\n\t\t\t\t<\/div>\n\t\t<div class=\"elementor-element elementor-element-f03c2b8 e-flex e-con-boxed e-con e-parent\" data-id=\"f03c2b8\" data-element_type=\"container\">\n\t\t\t\t\t<div class=\"e-con-inner\">\n\t\t\t\t<div class=\"elementor-element elementor-element-7d9c13b elementor-grid-eael-col-4 elementor-grid-tablet-eael-col-2 elementor-grid-mobile-eael-col-1 elementor-widget elementor-widget-eael-post-grid\" data-id=\"7d9c13b\" data-element_type=\"widget\" data-settings=\"{&quot;eael_post_grid_columns&quot;:&quot;eael-col-4&quot;,&quot;eael_post_grid_columns_tablet&quot;:&quot;eael-col-2&quot;,&quot;eael_post_grid_columns_mobile&quot;:&quot;eael-col-1&quot;}\" data-widget_type=\"eael-post-grid.default\">\n\t\t\t\t<div class=\"elementor-widget-container\">\n\t\t\t\t\t<div id=\"eael-post-grid-7d9c13b\" class=\"eael-post-grid-container\">\n            <div class=\"eael-post-grid eael-post-appender eael-post-appender-7d9c13b eael-post-grid-style-one\" data-layout-mode=\"grid\"><article class=\"eael-grid-post eael-post-grid-column\" data-id=\"989014\">\n        <div class=\"eael-grid-post-holder\">\n            <div class=\"eael-grid-post-holder-inner\"><div class=\"eael-entry-media\"><div class=\"eael-entry-overlay none\"><i class=\"fas fa-long-arrow-alt-right\" aria-hidden=\"true\"><\/i><a href=\"https:\/\/greyskygraphics-demo.com\/demos\/bplogistics25\/blog\/one-stop-shop-solucion-integral-1-para-la-logistica-y-el-comercio\/\"><\/a><\/div><div class=\"eael-entry-thumbnail eael-image-ratio\">\n                <img fetchpriority=\"high\" decoding=\"async\" width=\"300\" height=\"200\" src=\"https:\/\/greyskygraphics-demo.com\/demos\/bplogistics25\/wp-content\/uploads\/2025\/04\/blog-one-stop-shop-1000-300x200.png\" class=\"attachment-medium size-medium wp-image-989015\" alt=\"\" srcset=\"https:\/\/greyskygraphics-demo.com\/demos\/bplogistics25\/wp-content\/uploads\/2025\/04\/blog-one-stop-shop-1000-300x200.png 300w, https:\/\/greyskygraphics-demo.com\/demos\/bplogistics25\/wp-content\/uploads\/2025\/04\/blog-one-stop-shop-1000-768x512.png 768w, https:\/\/greyskygraphics-demo.com\/demos\/bplogistics25\/wp-content\/uploads\/2025\/04\/blog-one-stop-shop-1000.png 1000w\" sizes=\"(max-width: 300px) 100vw, 300px\" \/>\n            <\/div>\n        <\/div><div class=\"eael-entry-wrapper\"><header class=\"eael-entry-header\"><h2 class=\"eael-entry-title\"><a class=\"eael-grid-post-link\" href=\"https:\/\/greyskygraphics-demo.com\/demos\/bplogistics25\/blog\/one-stop-shop-solucion-integral-1-para-la-logistica-y-el-comercio\/\" title=\"One Stop Shop: Soluci\u00f3n Integral #1 para la Log\u00edstica y el Comercio\">One Stop Shop: Soluci\u00f3n Integral #1 para la Log\u00edstica y el Comercio<\/a><\/h2><\/header><\/div><\/div>\n        <\/div>\n    <\/article><article class=\"eael-grid-post eael-post-grid-column\" data-id=\"989007\">\n        <div class=\"eael-grid-post-holder\">\n            <div class=\"eael-grid-post-holder-inner\"><div class=\"eael-entry-media\"><div class=\"eael-entry-overlay none\"><i class=\"fas fa-long-arrow-alt-right\" aria-hidden=\"true\"><\/i><a href=\"https:\/\/greyskygraphics-demo.com\/demos\/bplogistics25\/blog\/ampliacion-de-operaciones-farmaceuticas-y-generales-2025\/\"><\/a><\/div><div class=\"eael-entry-thumbnail eael-image-ratio\">\n                <img decoding=\"async\" width=\"300\" height=\"300\" src=\"https:\/\/greyskygraphics-demo.com\/demos\/bplogistics25\/wp-content\/uploads\/2025\/04\/Blog-1-ok-300x300.png\" class=\"attachment-medium size-medium wp-image-989008\" alt=\"\" srcset=\"https:\/\/greyskygraphics-demo.com\/demos\/bplogistics25\/wp-content\/uploads\/2025\/04\/Blog-1-ok-300x300.png 300w, https:\/\/greyskygraphics-demo.com\/demos\/bplogistics25\/wp-content\/uploads\/2025\/04\/Blog-1-ok-1024x1024.png 1024w, https:\/\/greyskygraphics-demo.com\/demos\/bplogistics25\/wp-content\/uploads\/2025\/04\/Blog-1-ok-150x150.png 150w, https:\/\/greyskygraphics-demo.com\/demos\/bplogistics25\/wp-content\/uploads\/2025\/04\/Blog-1-ok-768x768.png 768w, https:\/\/greyskygraphics-demo.com\/demos\/bplogistics25\/wp-content\/uploads\/2025\/04\/Blog-1-ok-650x650.png 650w, https:\/\/greyskygraphics-demo.com\/demos\/bplogistics25\/wp-content\/uploads\/2025\/04\/Blog-1-ok.png 1030w\" sizes=\"(max-width: 300px) 100vw, 300px\" \/>\n            <\/div>\n        <\/div><div class=\"eael-entry-wrapper\"><header class=\"eael-entry-header\"><h2 class=\"eael-entry-title\"><a class=\"eael-grid-post-link\" href=\"https:\/\/greyskygraphics-demo.com\/demos\/bplogistics25\/blog\/ampliacion-de-operaciones-farmaceuticas-y-generales-2025\/\" title=\"Ampliaci\u00f3n de Operaciones Farmac\u00e9uticas y Generales 2025\">Ampliaci\u00f3n de Operaciones Farmac\u00e9uticas y Generales 2025<\/a><\/h2><\/header><\/div><\/div>\n        <\/div>\n    <\/article><article class=\"eael-grid-post eael-post-grid-column\" data-id=\"989000\">\n        <div class=\"eael-grid-post-holder\">\n            <div class=\"eael-grid-post-holder-inner\"><div class=\"eael-entry-media\"><div class=\"eael-entry-overlay none\"><i class=\"fas fa-long-arrow-alt-right\" aria-hidden=\"true\"><\/i><a href=\"https:\/\/greyskygraphics-demo.com\/demos\/bplogistics25\/blog\/como-trabajar-con-un-3pl-para-prepararte-para-la-temporada-alta-de-ventas\/\"><\/a><\/div><div class=\"eael-entry-thumbnail eael-image-ratio\">\n                <img decoding=\"async\" width=\"300\" height=\"200\" src=\"https:\/\/greyskygraphics-demo.com\/demos\/bplogistics25\/wp-content\/uploads\/2025\/04\/Operador-3PL-300x200.jpg\" class=\"attachment-medium size-medium wp-image-989001\" alt=\"\" srcset=\"https:\/\/greyskygraphics-demo.com\/demos\/bplogistics25\/wp-content\/uploads\/2025\/04\/Operador-3PL-300x200.jpg 300w, https:\/\/greyskygraphics-demo.com\/demos\/bplogistics25\/wp-content\/uploads\/2025\/04\/Operador-3PL-1024x683.jpg 1024w, https:\/\/greyskygraphics-demo.com\/demos\/bplogistics25\/wp-content\/uploads\/2025\/04\/Operador-3PL-768x512.jpg 768w, https:\/\/greyskygraphics-demo.com\/demos\/bplogistics25\/wp-content\/uploads\/2025\/04\/Operador-3PL.jpg 1188w\" sizes=\"(max-width: 300px) 100vw, 300px\" \/>\n            <\/div>\n        <\/div><div class=\"eael-entry-wrapper\"><header class=\"eael-entry-header\"><h2 class=\"eael-entry-title\"><a class=\"eael-grid-post-link\" href=\"https:\/\/greyskygraphics-demo.com\/demos\/bplogistics25\/blog\/como-trabajar-con-un-3pl-para-prepararte-para-la-temporada-alta-de-ventas\/\" title=\"C\u00f3mo trabajar con un 3PL para prepararte para la Temporada Alta de Ventas\">C\u00f3mo trabajar con un 3PL para prepararte para la Temporada Alta de Ventas<\/a><\/h2><\/header><\/div><\/div>\n        <\/div>\n    <\/article><article class=\"eael-grid-post eael-post-grid-column\" data-id=\"988993\">\n        <div class=\"eael-grid-post-holder\">\n            <div class=\"eael-grid-post-holder-inner\"><div class=\"eael-entry-media\"><div class=\"eael-entry-overlay none\"><i class=\"fas fa-long-arrow-alt-right\" aria-hidden=\"true\"><\/i><a href=\"https:\/\/greyskygraphics-demo.com\/demos\/bplogistics25\/blog\/logistica-farmaceutica-de-primer-nivel-con-bp-logistics\/\"><\/a><\/div><div class=\"eael-entry-thumbnail eael-image-ratio\">\n                <img loading=\"lazy\" decoding=\"async\" width=\"300\" height=\"200\" src=\"https:\/\/greyskygraphics-demo.com\/demos\/bplogistics25\/wp-content\/uploads\/2025\/04\/Salas-de-Valor-Agregado-1536x1024-1-300x200.jpg\" class=\"attachment-medium size-medium wp-image-988994\" alt=\"\" srcset=\"https:\/\/greyskygraphics-demo.com\/demos\/bplogistics25\/wp-content\/uploads\/2025\/04\/Salas-de-Valor-Agregado-1536x1024-1-300x200.jpg 300w, https:\/\/greyskygraphics-demo.com\/demos\/bplogistics25\/wp-content\/uploads\/2025\/04\/Salas-de-Valor-Agregado-1536x1024-1-1024x683.jpg 1024w, https:\/\/greyskygraphics-demo.com\/demos\/bplogistics25\/wp-content\/uploads\/2025\/04\/Salas-de-Valor-Agregado-1536x1024-1-768x512.jpg 768w, https:\/\/greyskygraphics-demo.com\/demos\/bplogistics25\/wp-content\/uploads\/2025\/04\/Salas-de-Valor-Agregado-1536x1024-1.jpg 1536w\" sizes=\"(max-width: 300px) 100vw, 300px\" \/>\n            <\/div>\n        <\/div><div class=\"eael-entry-wrapper\"><header class=\"eael-entry-header\"><h2 class=\"eael-entry-title\"><a class=\"eael-grid-post-link\" href=\"https:\/\/greyskygraphics-demo.com\/demos\/bplogistics25\/blog\/logistica-farmaceutica-de-primer-nivel-con-bp-logistics\/\" title=\"Log\u00edstica Farmac\u00e9utica de primer nivel con BP Logistics\">Log\u00edstica Farmac\u00e9utica de primer nivel con BP Logistics<\/a><\/h2><\/header><\/div><\/div>\n        <\/div>\n    <\/article><article class=\"eael-grid-post eael-post-grid-column\" data-id=\"988985\">\n        <div class=\"eael-grid-post-holder\">\n            <div class=\"eael-grid-post-holder-inner\"><div class=\"eael-entry-media\"><div class=\"eael-entry-overlay none\"><i class=\"fas fa-long-arrow-alt-right\" aria-hidden=\"true\"><\/i><a href=\"https:\/\/greyskygraphics-demo.com\/demos\/bplogistics25\/blog\/panama-el-epicentro-de-la-logistica-en-america-latina\/\"><\/a><\/div><div class=\"eael-entry-thumbnail eael-image-ratio\">\n                <img loading=\"lazy\" decoding=\"async\" width=\"300\" height=\"169\" src=\"https:\/\/greyskygraphics-demo.com\/demos\/bplogistics25\/wp-content\/uploads\/2025\/04\/Ciudad-de-Panama-300x169.jpg\" class=\"attachment-medium size-medium wp-image-988987\" alt=\"\" srcset=\"https:\/\/greyskygraphics-demo.com\/demos\/bplogistics25\/wp-content\/uploads\/2025\/04\/Ciudad-de-Panama-300x169.jpg 300w, https:\/\/greyskygraphics-demo.com\/demos\/bplogistics25\/wp-content\/uploads\/2025\/04\/Ciudad-de-Panama-768x432.jpg 768w, https:\/\/greyskygraphics-demo.com\/demos\/bplogistics25\/wp-content\/uploads\/2025\/04\/Ciudad-de-Panama.jpg 777w\" sizes=\"(max-width: 300px) 100vw, 300px\" \/>\n            <\/div>\n        <\/div><div class=\"eael-entry-wrapper\"><header class=\"eael-entry-header\"><h2 class=\"eael-entry-title\"><a class=\"eael-grid-post-link\" href=\"https:\/\/greyskygraphics-demo.com\/demos\/bplogistics25\/blog\/panama-el-epicentro-de-la-logistica-en-america-latina\/\" title=\"Panam\u00e1: El epicentro de la log\u00edstica en Am\u00e9rica Latina\">Panam\u00e1: El epicentro de la log\u00edstica en Am\u00e9rica Latina<\/a><\/h2><\/header><\/div><\/div>\n        <\/div>\n    <\/article><\/div>\n            <div class=\"clearfix\"><\/div>\n        <\/div>\t\t\t\t<\/div>\n\t\t\t\t<\/div>\n\t\t\t\t\t<\/div>\n\t\t\t\t<\/div>\n\t\t\t\t<\/div>\n\t\t","protected":false},"excerpt":{"rendered":"<p>Blog We share useful content to optimize your operations and grow your business. Trends, news, and tips on logistics, warehousing, and distribution. One Stop Shop: Soluci\u00f3n Integral #1 para la Log\u00edstica y el Comercio Ampliaci\u00f3n de Operaciones Farmac\u00e9uticas y Generales 2025 C\u00f3mo trabajar con un 3PL para prepararte para la Temporada Alta de Ventas Log\u00edstica&#8230;<\/p>\n","protected":false},"author":1,"featured_media":0,"parent":0,"menu_order":0,"comment_status":"closed","ping_status":"closed","template":"","meta":{"footnotes":""},"class_list":["post-989765","page","type-page","status-publish","hentry"],"_links":{"self":[{"href":"https:\/\/greyskygraphics-demo.com\/demos\/bplogistics25\/wp-json\/wp\/v2\/pages\/989765","targetHints":{"allow":["GET"]}}],"collection":[{"href":"https:\/\/greyskygraphics-demo.com\/demos\/bplogistics25\/wp-json\/wp\/v2\/pages"}],"about":[{"href":"https:\/\/greyskygraphics-demo.com\/demos\/bplogistics25\/wp-json\/wp\/v2\/types\/page"}],"author":[{"embeddable":true,"href":"https:\/\/greyskygraphics-demo.com\/demos\/bplogistics25\/wp-json\/wp\/v2\/users\/1"}],"replies":[{"embeddable":true,"href":"https:\/\/greyskygraphics-demo.com\/demos\/bplogistics25\/wp-json\/wp\/v2\/comments?post=989765"}],"version-history":[{"count":10,"href":"https:\/\/greyskygraphics-demo.com\/demos\/bplogistics25\/wp-json\/wp\/v2\/pages\/989765\/revisions"}],"predecessor-version":[{"id":990676,"href":"https:\/\/greyskygraphics-demo.com\/demos\/bplogistics25\/wp-json\/wp\/v2\/pages\/989765\/revisions\/990676"}],"wp:attachment":[{"href":"https:\/\/greyskygraphics-demo.com\/demos\/bplogistics25\/wp-json\/wp\/v2\/media?parent=989765"}],"curies":[{"name":"wp","href":"https:\/\/api.w.org\/{rel}","templated":true}]}}