{"id":988450,"date":"2025-03-28T16:32:06","date_gmt":"2025-03-28T16:32:06","guid":{"rendered":"https:\/\/greyskygraphics-demo.com\/demos\/bplogistics25\/?page_id=988450"},"modified":"2025-09-12T00:38:48","modified_gmt":"2025-09-12T00:38:48","slug":"responsabilidad-social","status":"publish","type":"page","link":"https:\/\/greyskygraphics-demo.com\/demos\/bplogistics25\/responsabilidad-social\/","title":{"rendered":"Responsabilidad Social"},"content":{"rendered":"\t\t<div data-elementor-type=\"wp-page\" data-elementor-id=\"988450\" class=\"elementor elementor-988450\" data-elementor-post-type=\"page\">\n\t\t\t\t<div class=\"elementor-element elementor-element-6a520cd4 e-con-full animated-fast e-flex e-con e-parent\" data-id=\"6a520cd4\" data-element_type=\"container\" data-settings=\"{&quot;background_background&quot;:&quot;classic&quot;,&quot;animation&quot;:&quot;none&quot;,&quot;animation_tablet&quot;:&quot;none&quot;}\">\n\t\t<div class=\"elementor-element elementor-element-4b30f0d e-flex e-con-boxed e-con e-child\" data-id=\"4b30f0d\" data-element_type=\"container\">\n\t\t\t\t\t<div class=\"e-con-inner\">\n\t\t\t\t<div class=\"elementor-element elementor-element-2263a27 elementor-widget__width-initial elementor-widget elementor-widget-heading\" data-id=\"2263a27\" data-element_type=\"widget\" data-widget_type=\"heading.default\">\n\t\t\t\t<div class=\"elementor-widget-container\">\n\t\t\t\t\t<h2 class=\"elementor-heading-title elementor-size-default\">\u00a1Sup\u00e9rate!<\/h2>\t\t\t\t<\/div>\n\t\t\t\t<\/div>\n\t\t\t\t<div class=\"elementor-element elementor-element-4b3498a8 elementor-widget__width-initial elementor-widget-tablet__width-inherit elementor-widget elementor-widget-text-editor\" data-id=\"4b3498a8\" data-element_type=\"widget\" data-widget_type=\"text-editor.default\">\n\t\t\t\t<div class=\"elementor-widget-container\">\n\t\t\t\t\t\t\t\t\tComo parte de Grupo Hilasal creemos en la educaci\u00f3n como motor de transformaci\u00f3n social. A trav\u00e9s de este programa, apostamos por el desarrollo integral de nuevas generaciones.\t\t\t\t\t\t\t\t<\/div>\n\t\t\t\t<\/div>\n\t\t\t\t\t<\/div>\n\t\t\t\t<\/div>\n\t\t\t\t<\/div>\n\t\t<div class=\"elementor-element elementor-element-7796c407 e-flex e-con-boxed e-con e-parent\" data-id=\"7796c407\" data-element_type=\"container\" data-settings=\"{&quot;background_background&quot;:&quot;classic&quot;}\">\n\t\t\t\t\t<div class=\"e-con-inner\">\n\t\t<div class=\"elementor-element elementor-element-59816378 e-con-full e-flex e-con e-child\" data-id=\"59816378\" data-element_type=\"container\">\n\t\t\t\t<div class=\"elementor-element elementor-element-6c51ca1 elementor-widget elementor-widget-text-editor\" data-id=\"6c51ca1\" data-element_type=\"widget\" data-widget_type=\"text-editor.default\">\n\t\t\t\t<div class=\"elementor-widget-container\">\n\t\t\t\t\t\t\t\t\t<p>\u00a1Sup\u00e9rate! es una iniciativa que ofrece formaci\u00f3n de alta calidad en ingl\u00e9s, inform\u00e1tica y valores a j\u00f3venes de escasos recursos y alto rendimiento acad\u00e9mico. Durante tres a\u00f1os, los j\u00f3venes del programa reciben formaci\u00f3n t\u00e9cnica y humana intensiva como complemento a su educaci\u00f3n p\u00fablica; reflejando el compromiso de seguir contribuyendo al desarrollo socioecon\u00f3mico del pa\u00eds.<\/p><p>Desde 2006, empresas socialmente responsables fueron invitadas a compartir el modelo de trabajo para que pudieran sumarse a esta iniciativa, para establecer y patrocinar nuevos centros \u00a1Sup\u00e9rate! Centros, con el objetivo de escalar y multiplicar el Programa a nivel nacional y regional. Nos enorgullece ser parte de esta red que potencia el talento y genera oportunidades para construir un futuro m\u00e1s equitativo.<\/p>\t\t\t\t\t\t\t\t<\/div>\n\t\t\t\t<\/div>\n\t\t\t\t<\/div>\n\t\t<div class=\"elementor-element elementor-element-23d15fd4 e-con-full e-flex e-con e-child\" data-id=\"23d15fd4\" data-element_type=\"container\">\n\t\t\t\t<div class=\"elementor-element elementor-element-f4c561a eael-dt-th-align-center hover-table2 eael-table-align-center elementor-widget elementor-widget-eael-data-table\" data-id=\"f4c561a\" data-element_type=\"widget\" data-widget_type=\"eael-data-table.default\">\n\t\t\t\t<div class=\"elementor-widget-container\">\n\t\t\t\t\t\t\t<div class=\"eael-data-table-wrap\" data-table_id=\"f4c561a\" id=\"eael-data-table-wrapper-f4c561a\" data-custom_responsive=\"false\">\n\t\t\t<table class=\"tablesorter eael-data-table center\" id=\"eael-data-table-f4c561a\">\n\t\t\t    <thead>\n\t\t\t        <tr class=\"table-header\">\n\t\t\t\t\t\t\t\t\t            <th class=\"\" id=\"\" colspan=\"2\">\n\t\t\t\t\t\t\t\t\t\t\t\t\t\t<img decoding=\"async\" src=\"https:\/\/greyskygraphics-demo.com\/demos\/bplogistics25\/wp-content\/uploads\/2025\/05\/Bp-logistics-new-v1.png\" class=\"eael-data-table-th-img\" style=\"width:170px;\" alt=\"\"><span class=\"data-table-header-text\"><\/span><\/th>\n\t\t\t        \t\t\t\t        <\/tr>\n\t\t\t    <\/thead>\n\t\t\t  \t<tbody>\n\t\t\t\t\t\t\t\t\t\t\t<tr>\n\t\t\t\t\t\t\t\t\t\t\t\t\t\t\t\t   \t\t\t\t\t\t\t\t\t\t\t<td colspan=\"\" rowspan=\"\" class=\"\" id=\"\">\n\t\t\t\t\t\t\t\t\t\t\t\t<div class=\"td-content-wrapper\"><div class=\"td-content\">\n\t\t\t\t\t\t\t\t\t\t\t\t\tCentros\t\t\t\t\t\t\t\t\t\t\t\t<\/div><\/div>\n\t\t\t\t\t\t\t\t\t\t\t<\/td>\n\t\t\t\t\t\t\t\t\t\t\t\t\t\t\t\t\t\t\t\t\t\t\t\t\t\t\t\t\t   \t\t\t\t\t\t\t\t\t\t\t<td colspan=\"\" rowspan=\"\" class=\"\" id=\"\">\n\t\t\t\t\t\t\t\t\t\t\t\t<div class=\"td-content-wrapper\"><div class=\"td-content\">\n\t\t\t\t\t\t\t\t\t\t\t\t\t7\t\t\t\t\t\t\t\t\t\t\t\t<\/div><\/div>\n\t\t\t\t\t\t\t\t\t\t\t<\/td>\n\t\t\t\t\t\t\t\t\t\t\t\t\t\t\t\t\t\t\t\t\t\t\t\t\t\t<\/tr>\n\t\t\t        \t\t\t\t\t\t<tr>\n\t\t\t\t\t\t\t\t\t\t\t\t\t\t\t\t   \t\t\t\t\t\t\t\t\t\t\t<td colspan=\"\" rowspan=\"\" class=\"\" id=\"\">\n\t\t\t\t\t\t\t\t\t\t\t\t<div class=\"td-content-wrapper\"><div class=\"td-content\">\n\t\t\t\t\t\t\t\t\t\t\t\t\tEstudiantes activos\t\t\t\t\t\t\t\t\t\t\t\t<\/div><\/div>\n\t\t\t\t\t\t\t\t\t\t\t<\/td>\n\t\t\t\t\t\t\t\t\t\t\t\t\t\t\t\t\t\t\t\t\t\t\t\t\t\t\t\t\t   \t\t\t\t\t\t\t\t\t\t\t<td colspan=\"\" rowspan=\"\" class=\"\" id=\"\">\n\t\t\t\t\t\t\t\t\t\t\t\t<div class=\"td-content-wrapper\"><div class=\"td-content\">\n\t\t\t\t\t\t\t\t\t\t\t\t\t&gt;1,000\t\t\t\t\t\t\t\t\t\t\t\t<\/div><\/div>\n\t\t\t\t\t\t\t\t\t\t\t<\/td>\n\t\t\t\t\t\t\t\t\t\t\t\t\t\t\t\t\t\t\t\t\t\t\t\t\t\t<\/tr>\n\t\t\t        \t\t\t\t\t\t<tr>\n\t\t\t\t\t\t\t\t\t\t\t\t\t\t\t\t   \t\t\t\t\t\t\t\t\t\t\t<td colspan=\"\" rowspan=\"\" class=\"\" id=\"\">\n\t\t\t\t\t\t\t\t\t\t\t\t<div class=\"td-content-wrapper\"><div class=\"td-content\">\n\t\t\t\t\t\t\t\t\t\t\t\t\tTotal de graduados\t\t\t\t\t\t\t\t\t\t\t\t<\/div><\/div>\n\t\t\t\t\t\t\t\t\t\t\t<\/td>\n\t\t\t\t\t\t\t\t\t\t\t\t\t\t\t\t\t\t\t\t\t\t\t\t\t\t\t\t\t   \t\t\t\t\t\t\t\t\t\t\t<td colspan=\"\" rowspan=\"\" class=\"\" id=\"\">\n\t\t\t\t\t\t\t\t\t\t\t\t<div class=\"td-content-wrapper\"><div class=\"td-content\">\n\t\t\t\t\t\t\t\t\t\t\t\t\t&gt;5,083\t\t\t\t\t\t\t\t\t\t\t\t<\/div><\/div>\n\t\t\t\t\t\t\t\t\t\t\t<\/td>\n\t\t\t\t\t\t\t\t\t\t\t\t\t\t\t\t\t\t\t\t\t\t\t\t\t\t<\/tr>\n\t\t\t        \t\t\t    <\/tbody>\n\t\t\t<\/table>\n\t\t<\/div>\n\t  \t\t\t\t\t<\/div>\n\t\t\t\t<\/div>\n\t\t\t\t<\/div>\n\t\t\t\t\t<\/div>\n\t\t\t\t<\/div>\n\t\t<div class=\"elementor-element elementor-element-3efd521 e-flex e-con-boxed e-con e-parent\" data-id=\"3efd521\" data-element_type=\"container\" data-settings=\"{&quot;background_background&quot;:&quot;classic&quot;}\">\n\t\t\t\t\t<div class=\"e-con-inner\">\n\t\t\t\t<div class=\"elementor-element elementor-element-8f0a976 elementor-widget elementor-widget-image\" data-id=\"8f0a976\" data-element_type=\"widget\" data-widget_type=\"image.default\">\n\t\t\t\t<div class=\"elementor-widget-container\">\n\t\t\t\t\t\t\t\t\t\t\t\t\t\t\t<img decoding=\"async\" width=\"257\" height=\"150\" src=\"https:\/\/greyskygraphics-demo.com\/demos\/bplogistics25\/wp-content\/uploads\/2025\/09\/peoples-svg-v1-01.svg\" class=\"attachment-large size-large wp-image-990852\" alt=\"\" \/>\t\t\t\t\t\t\t\t\t\t\t\t\t\t\t<\/div>\n\t\t\t\t<\/div>\n\t\t\t\t\t<\/div>\n\t\t\t\t<\/div>\n\t\t\t\t<\/div>\n\t\t","protected":false},"excerpt":{"rendered":"<p>\u00a1Sup\u00e9rate! Como parte de Grupo Hilasal creemos en la educaci\u00f3n como motor de transformaci\u00f3n social. A trav\u00e9s de este programa, apostamos por el desarrollo integral de nuevas generaciones. \u00a1Sup\u00e9rate! es una iniciativa que ofrece formaci\u00f3n de alta calidad en ingl\u00e9s, inform\u00e1tica y valores a j\u00f3venes de escasos recursos y alto rendimiento acad\u00e9mico. Durante tres a\u00f1os,&#8230;<\/p>\n","protected":false},"author":1,"featured_media":0,"parent":0,"menu_order":0,"comment_status":"closed","ping_status":"closed","template":"","meta":{"footnotes":""},"class_list":["post-988450","page","type-page","status-publish","hentry"],"_links":{"self":[{"href":"https:\/\/greyskygraphics-demo.com\/demos\/bplogistics25\/wp-json\/wp\/v2\/pages\/988450","targetHints":{"allow":["GET"]}}],"collection":[{"href":"https:\/\/greyskygraphics-demo.com\/demos\/bplogistics25\/wp-json\/wp\/v2\/pages"}],"about":[{"href":"https:\/\/greyskygraphics-demo.com\/demos\/bplogistics25\/wp-json\/wp\/v2\/types\/page"}],"author":[{"embeddable":true,"href":"https:\/\/greyskygraphics-demo.com\/demos\/bplogistics25\/wp-json\/wp\/v2\/users\/1"}],"replies":[{"embeddable":true,"href":"https:\/\/greyskygraphics-demo.com\/demos\/bplogistics25\/wp-json\/wp\/v2\/comments?post=988450"}],"version-history":[{"count":85,"href":"https:\/\/greyskygraphics-demo.com\/demos\/bplogistics25\/wp-json\/wp\/v2\/pages\/988450\/revisions"}],"predecessor-version":[{"id":990858,"href":"https:\/\/greyskygraphics-demo.com\/demos\/bplogistics25\/wp-json\/wp\/v2\/pages\/988450\/revisions\/990858"}],"wp:attachment":[{"href":"https:\/\/greyskygraphics-demo.com\/demos\/bplogistics25\/wp-json\/wp\/v2\/media?parent=988450"}],"curies":[{"name":"wp","href":"https:\/\/api.w.org\/{rel}","templated":true}]}}