{"id":988896,"date":"2025-04-09T15:47:26","date_gmt":"2025-04-09T15:47:26","guid":{"rendered":"https:\/\/greyskygraphics-demo.com\/demos\/bluelogistics25\/?page_id=988896"},"modified":"2026-02-25T21:32:27","modified_gmt":"2026-02-25T21:32:27","slug":"blog","status":"publish","type":"page","link":"https:\/\/greyskygraphics-demo.com\/demos\/bluelogistics25\/blog\/","title":{"rendered":"Blog"},"content":{"rendered":"\t\t<div data-elementor-type=\"wp-page\" data-elementor-id=\"988896\" class=\"elementor elementor-988896\" data-elementor-post-type=\"page\">\n\t\t\t\t<div class=\"elementor-element elementor-element-37e1196 e-con-full e-flex e-con e-parent\" data-id=\"37e1196\" data-element_type=\"container\" data-settings=\"{&quot;background_background&quot;:&quot;classic&quot;}\">\n\t\t<div class=\"elementor-element elementor-element-3366d58 e-flex e-con-boxed e-con e-child\" data-id=\"3366d58\" data-element_type=\"container\">\n\t\t\t\t\t<div class=\"e-con-inner\">\n\t\t\t\t<div class=\"elementor-element elementor-element-76bf838 elementor-widget elementor-widget-heading\" data-id=\"76bf838\" data-element_type=\"widget\" data-widget_type=\"heading.default\">\n\t\t\t\t<div class=\"elementor-widget-container\">\n\t\t\t\t\t<h2 class=\"elementor-heading-title elementor-size-default\">Blog<\/h2>\t\t\t\t<\/div>\n\t\t\t\t<\/div>\n\t\t\t\t<div class=\"elementor-element elementor-element-b1cf324 elementor-widget__width-initial elementor-widget-tablet__width-inherit elementor-widget elementor-widget-heading\" data-id=\"b1cf324\" data-element_type=\"widget\" data-widget_type=\"heading.default\">\n\t\t\t\t<div class=\"elementor-widget-container\">\n\t\t\t\t\t<h2 class=\"elementor-heading-title elementor-size-default\">Te compartimos contenido \u00fatil para optimizar tu operaci\u00f3n y hacer crecer tu negocio. <br class=\"hide-on-mobile\">Tendencias, novedades y consejos sobre log\u00edstica, almacenamiento y distribuci\u00f3n.<\/h2>\t\t\t\t<\/div>\n\t\t\t\t<\/div>\n\t\t\t\t\t<\/div>\n\t\t\t\t<\/div>\n\t\t\t\t<\/div>\n\t\t<div class=\"elementor-element elementor-element-f03c2b8 e-flex e-con-boxed e-con e-parent\" data-id=\"f03c2b8\" data-element_type=\"container\">\n\t\t\t\t\t<div class=\"e-con-inner\">\n\t\t\t\t<div class=\"elementor-element elementor-element-7d9c13b elementor-grid-eael-col-4 elementor-grid-tablet-eael-col-2 elementor-grid-mobile-eael-col-1 elementor-widget elementor-widget-eael-post-grid\" data-id=\"7d9c13b\" data-element_type=\"widget\" data-settings=\"{&quot;eael_post_grid_columns&quot;:&quot;eael-col-4&quot;,&quot;eael_post_grid_columns_tablet&quot;:&quot;eael-col-2&quot;,&quot;eael_post_grid_columns_mobile&quot;:&quot;eael-col-1&quot;}\" data-widget_type=\"eael-post-grid.default\">\n\t\t\t\t<div class=\"elementor-widget-container\">\n\t\t\t\t\t<div id=\"eael-post-grid-7d9c13b\" class=\"eael-post-grid-container\">\n            <div class=\"eael-post-grid eael-post-appender eael-post-appender-7d9c13b eael-post-grid-style-one\" data-layout-mode=\"grid\"><article class=\"eael-grid-post eael-post-grid-column\" data-id=\"992077\">\n        <div class=\"eael-grid-post-holder\">\n            <div class=\"eael-grid-post-holder-inner\"><div class=\"eael-entry-wrapper\"><header class=\"eael-entry-header\"><h2 class=\"eael-entry-title\"><a\n                        class=\"eael-grid-post-link\"\n                        href=\"https:\/\/greyskygraphics-demo.com\/demos\/bluelogistics25\/en\/sin-categoria-en\/contact-us\/\"\n                        title=\"Contact Us\">Contact Us<\/a><\/h2><\/header><\/div><\/div>\n        <\/div>\n    <\/article><article class=\"eael-grid-post eael-post-grid-column\" data-id=\"992072\">\n        <div class=\"eael-grid-post-holder\">\n            <div class=\"eael-grid-post-holder-inner\"><div class=\"eael-entry-wrapper\"><header class=\"eael-entry-header\"><h2 class=\"eael-entry-title\"><a\n                        class=\"eael-grid-post-link\"\n                        href=\"https:\/\/greyskygraphics-demo.com\/demos\/bluelogistics25\/uncategorized\/contacto\/\"\n                        title=\"Contacto\">Contacto<\/a><\/h2><\/header><\/div><\/div>\n        <\/div>\n    <\/article><article class=\"eael-grid-post eael-post-grid-column\" data-id=\"992065\">\n        <div class=\"eael-grid-post-holder\">\n            <div class=\"eael-grid-post-holder-inner\"><div class=\"eael-entry-media\"><div class=\"eael-entry-overlay none\"><i class=\"fas fa-long-arrow-alt-right\" aria-hidden=\"true\"><\/i><a href=\"https:\/\/greyskygraphics-demo.com\/demos\/bluelogistics25\/en\/sin-categoria-en\/new-blog-blue\/\"><\/a><\/div><div class=\"eael-entry-thumbnail eael-image-ratio\">\n                <img decoding=\"async\" width=\"300\" height=\"141\" src=\"https:\/\/greyskygraphics-demo.com\/demos\/bluelogistics25\/wp-content\/uploads\/2025\/10\/faq-banner-300x141.jpg\" class=\"attachment-medium size-medium wp-image-991999\" alt=\"\" srcset=\"https:\/\/greyskygraphics-demo.com\/demos\/bluelogistics25\/wp-content\/uploads\/2025\/10\/faq-banner-300x141.jpg 300w, https:\/\/greyskygraphics-demo.com\/demos\/bluelogistics25\/wp-content\/uploads\/2025\/10\/faq-banner-1024x480.jpg 1024w, https:\/\/greyskygraphics-demo.com\/demos\/bluelogistics25\/wp-content\/uploads\/2025\/10\/faq-banner-768x360.jpg 768w, https:\/\/greyskygraphics-demo.com\/demos\/bluelogistics25\/wp-content\/uploads\/2025\/10\/faq-banner-1536x720.jpg 1536w, https:\/\/greyskygraphics-demo.com\/demos\/bluelogistics25\/wp-content\/uploads\/2025\/10\/faq-banner.jpg 1920w\" sizes=\"(max-width: 300px) 100vw, 300px\" \/>\n            <\/div>\n        <\/div><div class=\"eael-entry-wrapper\"><header class=\"eael-entry-header\"><h2 class=\"eael-entry-title\"><a\n                        class=\"eael-grid-post-link\"\n                        href=\"https:\/\/greyskygraphics-demo.com\/demos\/bluelogistics25\/en\/sin-categoria-en\/new-blog-blue\/\"\n                        title=\"New Blog &#8211; Blue\">New Blog &#8211; Blue<\/a><\/h2><\/header><\/div><\/div>\n        <\/div>\n    <\/article><article class=\"eael-grid-post eael-post-grid-column\" data-id=\"992048\">\n        <div class=\"eael-grid-post-holder\">\n            <div class=\"eael-grid-post-holder-inner\"><div class=\"eael-entry-media\"><div class=\"eael-entry-overlay none\"><i class=\"fas fa-long-arrow-alt-right\" aria-hidden=\"true\"><\/i><a href=\"https:\/\/greyskygraphics-demo.com\/demos\/bluelogistics25\/construction\/nuevo-blog-blue\/\"><\/a><\/div><div class=\"eael-entry-thumbnail eael-image-ratio\">\n                <img decoding=\"async\" width=\"300\" height=\"141\" src=\"https:\/\/greyskygraphics-demo.com\/demos\/bluelogistics25\/wp-content\/uploads\/2025\/10\/faq-banner-300x141.jpg\" class=\"attachment-medium size-medium wp-image-991999\" alt=\"\" srcset=\"https:\/\/greyskygraphics-demo.com\/demos\/bluelogistics25\/wp-content\/uploads\/2025\/10\/faq-banner-300x141.jpg 300w, https:\/\/greyskygraphics-demo.com\/demos\/bluelogistics25\/wp-content\/uploads\/2025\/10\/faq-banner-1024x480.jpg 1024w, https:\/\/greyskygraphics-demo.com\/demos\/bluelogistics25\/wp-content\/uploads\/2025\/10\/faq-banner-768x360.jpg 768w, https:\/\/greyskygraphics-demo.com\/demos\/bluelogistics25\/wp-content\/uploads\/2025\/10\/faq-banner-1536x720.jpg 1536w, https:\/\/greyskygraphics-demo.com\/demos\/bluelogistics25\/wp-content\/uploads\/2025\/10\/faq-banner.jpg 1920w\" sizes=\"(max-width: 300px) 100vw, 300px\" \/>\n            <\/div>\n        <\/div><div class=\"eael-entry-wrapper\"><header class=\"eael-entry-header\"><h2 class=\"eael-entry-title\"><a\n                        class=\"eael-grid-post-link\"\n                        href=\"https:\/\/greyskygraphics-demo.com\/demos\/bluelogistics25\/construction\/nuevo-blog-blue\/\"\n                        title=\"Nuevo Blog Blue\">Nuevo Blog Blue<\/a><\/h2><\/header><\/div><\/div>\n        <\/div>\n    <\/article><article class=\"eael-grid-post eael-post-grid-column\" data-id=\"988867\">\n        <div class=\"eael-grid-post-holder\">\n            <div class=\"eael-grid-post-holder-inner\"><div class=\"eael-entry-media\"><div class=\"eael-entry-overlay none\"><i class=\"fas fa-long-arrow-alt-right\" aria-hidden=\"true\"><\/i><a href=\"https:\/\/greyskygraphics-demo.com\/demos\/bluelogistics25\/blog\/supply-chain-manager-habilidades-y-conocimientos-clave-que-debe-manejar\/\"><\/a><\/div><div class=\"eael-entry-thumbnail eael-image-ratio\">\n                <img fetchpriority=\"high\" decoding=\"async\" width=\"284\" height=\"300\" src=\"https:\/\/greyskygraphics-demo.com\/demos\/bluelogistics25\/wp-content\/uploads\/2025\/04\/blogimage5-284x300.png\" class=\"attachment-medium size-medium wp-image-988868\" alt=\"\" srcset=\"https:\/\/greyskygraphics-demo.com\/demos\/bluelogistics25\/wp-content\/uploads\/2025\/04\/blogimage5-284x300.png 284w, https:\/\/greyskygraphics-demo.com\/demos\/bluelogistics25\/wp-content\/uploads\/2025\/04\/blogimage5-969x1024.png 969w, https:\/\/greyskygraphics-demo.com\/demos\/bluelogistics25\/wp-content\/uploads\/2025\/04\/blogimage5-768x811.png 768w, https:\/\/greyskygraphics-demo.com\/demos\/bluelogistics25\/wp-content\/uploads\/2025\/04\/blogimage5.png 1454w\" sizes=\"(max-width: 284px) 100vw, 284px\" \/>\n            <\/div>\n        <\/div><div class=\"eael-entry-wrapper\"><header class=\"eael-entry-header\"><h2 class=\"eael-entry-title\"><a\n                        class=\"eael-grid-post-link\"\n                        href=\"https:\/\/greyskygraphics-demo.com\/demos\/bluelogistics25\/blog\/supply-chain-manager-habilidades-y-conocimientos-clave-que-debe-manejar\/\"\n                        title=\"Supply Chain Manager: Habilidades y Conocimientos Clave que debe manejar\">Supply Chain Manager: Habilidades y Conocimientos Clave que debe manejar<\/a><\/h2><\/header><\/div><\/div>\n        <\/div>\n    <\/article><article class=\"eael-grid-post eael-post-grid-column\" data-id=\"988860\">\n        <div class=\"eael-grid-post-holder\">\n            <div class=\"eael-grid-post-holder-inner\"><div class=\"eael-entry-media\"><div class=\"eael-entry-overlay none\"><i class=\"fas fa-long-arrow-alt-right\" aria-hidden=\"true\"><\/i><a href=\"https:\/\/greyskygraphics-demo.com\/demos\/bluelogistics25\/blog\/los-simbolos-utilizados-en-el-embalaje\/\"><\/a><\/div><div class=\"eael-entry-thumbnail eael-image-ratio\">\n                <img decoding=\"async\" width=\"264\" height=\"300\" src=\"https:\/\/greyskygraphics-demo.com\/demos\/bluelogistics25\/wp-content\/uploads\/2025\/04\/blogimage4-264x300.png\" class=\"attachment-medium size-medium wp-image-988861\" alt=\"\" srcset=\"https:\/\/greyskygraphics-demo.com\/demos\/bluelogistics25\/wp-content\/uploads\/2025\/04\/blogimage4-264x300.png 264w, https:\/\/greyskygraphics-demo.com\/demos\/bluelogistics25\/wp-content\/uploads\/2025\/04\/blogimage4-900x1024.png 900w, https:\/\/greyskygraphics-demo.com\/demos\/bluelogistics25\/wp-content\/uploads\/2025\/04\/blogimage4-768x874.png 768w, https:\/\/greyskygraphics-demo.com\/demos\/bluelogistics25\/wp-content\/uploads\/2025\/04\/blogimage4.png 1055w\" sizes=\"(max-width: 264px) 100vw, 264px\" \/>\n            <\/div>\n        <\/div><div class=\"eael-entry-wrapper\"><header class=\"eael-entry-header\"><h2 class=\"eael-entry-title\"><a\n                        class=\"eael-grid-post-link\"\n                        href=\"https:\/\/greyskygraphics-demo.com\/demos\/bluelogistics25\/blog\/los-simbolos-utilizados-en-el-embalaje\/\"\n                        title=\"Los S\u00edmbolos Utilizados en el Embalaje\">Los S\u00edmbolos Utilizados en el Embalaje<\/a><\/h2><\/header><\/div><\/div>\n        <\/div>\n    <\/article><article class=\"eael-grid-post eael-post-grid-column\" data-id=\"988852\">\n        <div class=\"eael-grid-post-holder\">\n            <div class=\"eael-grid-post-holder-inner\"><div class=\"eael-entry-media\"><div class=\"eael-entry-overlay none\"><i class=\"fas fa-long-arrow-alt-right\" aria-hidden=\"true\"><\/i><a href=\"https:\/\/greyskygraphics-demo.com\/demos\/bluelogistics25\/blog\/como-turquia-ha-aumentado-su-presencia-comercial-en-el-salvador-y-el-resto-de-america-latina\/\"><\/a><\/div><div class=\"eael-entry-thumbnail eael-image-ratio\">\n                <img loading=\"lazy\" decoding=\"async\" width=\"275\" height=\"183\" src=\"https:\/\/greyskygraphics-demo.com\/demos\/bluelogistics25\/wp-content\/uploads\/2025\/04\/blog-test-img.png\" class=\"attachment-medium size-medium wp-image-988853\" alt=\"\" \/>\n            <\/div>\n        <\/div><div class=\"eael-entry-wrapper\"><header class=\"eael-entry-header\"><h2 class=\"eael-entry-title\"><a\n                        class=\"eael-grid-post-link\"\n                        href=\"https:\/\/greyskygraphics-demo.com\/demos\/bluelogistics25\/blog\/como-turquia-ha-aumentado-su-presencia-comercial-en-el-salvador-y-el-resto-de-america-latina\/\"\n                        title=\"\u00bfC\u00f3mo Turqu\u00eda ha aumentado su presencia comercial en El Salvador y el resto de Am\u00e9rica Latina?\">\u00bfC\u00f3mo Turqu\u00eda ha aumentado su presencia comercial en El Salvador y el resto de Am\u00e9rica Latina?<\/a><\/h2><\/header><\/div><\/div>\n        <\/div>\n    <\/article><article class=\"eael-grid-post eael-post-grid-column\" data-id=\"988845\">\n        <div class=\"eael-grid-post-holder\">\n            <div class=\"eael-grid-post-holder-inner\"><div class=\"eael-entry-media\"><div class=\"eael-entry-overlay none\"><i class=\"fas fa-long-arrow-alt-right\" aria-hidden=\"true\"><\/i><a href=\"https:\/\/greyskygraphics-demo.com\/demos\/bluelogistics25\/blog\/trazabilidad-la-clave-para-una-logistica-exitosa\/\"><\/a><\/div><div class=\"eael-entry-thumbnail eael-image-ratio\">\n                <img loading=\"lazy\" decoding=\"async\" width=\"300\" height=\"166\" src=\"https:\/\/greyskygraphics-demo.com\/demos\/bluelogistics25\/wp-content\/uploads\/2025\/04\/blogimage2-300x166.png\" class=\"attachment-medium size-medium wp-image-988846\" alt=\"\" srcset=\"https:\/\/greyskygraphics-demo.com\/demos\/bluelogistics25\/wp-content\/uploads\/2025\/04\/blogimage2-300x166.png 300w, https:\/\/greyskygraphics-demo.com\/demos\/bluelogistics25\/wp-content\/uploads\/2025\/04\/blogimage2-1024x565.png 1024w, https:\/\/greyskygraphics-demo.com\/demos\/bluelogistics25\/wp-content\/uploads\/2025\/04\/blogimage2-768x424.png 768w, https:\/\/greyskygraphics-demo.com\/demos\/bluelogistics25\/wp-content\/uploads\/2025\/04\/blogimage2.png 1536w\" sizes=\"(max-width: 300px) 100vw, 300px\" \/>\n            <\/div>\n        <\/div><div class=\"eael-entry-wrapper\"><header class=\"eael-entry-header\"><h2 class=\"eael-entry-title\"><a\n                        class=\"eael-grid-post-link\"\n                        href=\"https:\/\/greyskygraphics-demo.com\/demos\/bluelogistics25\/blog\/trazabilidad-la-clave-para-una-logistica-exitosa\/\"\n                        title=\"Trazabilidad: la clave para una log\u00edstica exitosa\">Trazabilidad: la clave para una log\u00edstica exitosa<\/a><\/h2><\/header><\/div><\/div>\n        <\/div>\n    <\/article><article class=\"eael-grid-post eael-post-grid-column\" data-id=\"988834\">\n        <div class=\"eael-grid-post-holder\">\n            <div class=\"eael-grid-post-holder-inner\"><div class=\"eael-entry-media\"><div class=\"eael-entry-overlay none\"><i class=\"fas fa-long-arrow-alt-right\" aria-hidden=\"true\"><\/i><a href=\"https:\/\/greyskygraphics-demo.com\/demos\/bluelogistics25\/blog\/20-anos-de-trayectoria-exitosa-el-legado-imparable-de-blue-logistics-en-la-logistica\/\"><\/a><\/div><div class=\"eael-entry-thumbnail eael-image-ratio\">\n                <img loading=\"lazy\" decoding=\"async\" width=\"300\" height=\"177\" src=\"https:\/\/greyskygraphics-demo.com\/demos\/bluelogistics25\/wp-content\/uploads\/2025\/04\/blogimage1-300x177.jpg\" class=\"attachment-medium size-medium wp-image-988835\" alt=\"\" srcset=\"https:\/\/greyskygraphics-demo.com\/demos\/bluelogistics25\/wp-content\/uploads\/2025\/04\/blogimage1-300x177.jpg 300w, https:\/\/greyskygraphics-demo.com\/demos\/bluelogistics25\/wp-content\/uploads\/2025\/04\/blogimage1-1024x605.jpg 1024w, https:\/\/greyskygraphics-demo.com\/demos\/bluelogistics25\/wp-content\/uploads\/2025\/04\/blogimage1-768x454.jpg 768w, https:\/\/greyskygraphics-demo.com\/demos\/bluelogistics25\/wp-content\/uploads\/2025\/04\/blogimage1.jpg 1536w\" sizes=\"(max-width: 300px) 100vw, 300px\" \/>\n            <\/div>\n        <\/div><div class=\"eael-entry-wrapper\"><header class=\"eael-entry-header\"><h2 class=\"eael-entry-title\"><a\n                        class=\"eael-grid-post-link\"\n                        href=\"https:\/\/greyskygraphics-demo.com\/demos\/bluelogistics25\/blog\/20-anos-de-trayectoria-exitosa-el-legado-imparable-de-blue-logistics-en-la-logistica\/\"\n                        title=\"20 A\u00f1os de Trayectoria Exitosa: El Legado Imparable de Blue Logistics en la Log\u00edstica\">20 A\u00f1os de Trayectoria Exitosa: El Legado Imparable de Blue Logistics en la Log\u00edstica<\/a><\/h2><\/header><\/div><\/div>\n        <\/div>\n    <\/article><article class=\"eael-grid-post eael-post-grid-column\" data-id=\"6886\">\n        <div class=\"eael-grid-post-holder\">\n            <div class=\"eael-grid-post-holder-inner\"><div class=\"eael-entry-media\"><div class=\"eael-entry-overlay none\"><i class=\"fas fa-long-arrow-alt-right\" aria-hidden=\"true\"><\/i><a href=\"https:\/\/greyskygraphics-demo.com\/demos\/bluelogistics25\/news\/people-and-culture\/swift-line-opens-three-new-service-centers-in-growing-freight-markets\/\"><\/a><\/div><div class=\"eael-entry-thumbnail eael-image-ratio\">\n                <img loading=\"lazy\" decoding=\"async\" width=\"228\" height=\"300\" src=\"https:\/\/greyskygraphics-demo.com\/demos\/bluelogistics25\/wp-content\/uploads\/2024\/10\/pexels-gustavo-fring-6720536-228x300.jpg\" class=\"attachment-medium size-medium wp-image-6884\" alt=\"\" srcset=\"https:\/\/greyskygraphics-demo.com\/demos\/bluelogistics25\/wp-content\/uploads\/2024\/10\/pexels-gustavo-fring-6720536-228x300.jpg 228w, https:\/\/greyskygraphics-demo.com\/demos\/bluelogistics25\/wp-content\/uploads\/2024\/10\/pexels-gustavo-fring-6720536.jpg 598w\" sizes=\"(max-width: 228px) 100vw, 228px\" \/>\n            <\/div>\n        <\/div><div class=\"eael-entry-wrapper\"><header class=\"eael-entry-header\"><h2 class=\"eael-entry-title\"><a\n                        class=\"eael-grid-post-link\"\n                        href=\"https:\/\/greyskygraphics-demo.com\/demos\/bluelogistics25\/news\/people-and-culture\/swift-line-opens-three-new-service-centers-in-growing-freight-markets\/\"\n                        title=\"Swift Line opens three new service centers in growing freight markets\">Swift Line opens three new service centers in growing freight markets<\/a><\/h2><\/header><\/div><\/div>\n        <\/div>\n    <\/article><article class=\"eael-grid-post eael-post-grid-column\" data-id=\"4175\">\n        <div class=\"eael-grid-post-holder\">\n            <div class=\"eael-grid-post-holder-inner\"><div class=\"eael-entry-media\"><div class=\"eael-entry-overlay none\"><i class=\"fas fa-long-arrow-alt-right\" aria-hidden=\"true\"><\/i><a href=\"https:\/\/greyskygraphics-demo.com\/demos\/bluelogistics25\/news\/press-release\/we-launches-prepay-fuel-option-for-carriers\/\"><\/a><\/div><div class=\"eael-entry-thumbnail eael-image-ratio\">\n                <img loading=\"lazy\" decoding=\"async\" width=\"235\" height=\"300\" src=\"https:\/\/greyskygraphics-demo.com\/demos\/bluelogistics25\/wp-content\/uploads\/2024\/09\/transport-logistics-concept-235x300.jpg\" class=\"attachment-medium size-medium wp-image-4176\" alt=\"\" srcset=\"https:\/\/greyskygraphics-demo.com\/demos\/bluelogistics25\/wp-content\/uploads\/2024\/09\/transport-logistics-concept-235x300.jpg 235w, https:\/\/greyskygraphics-demo.com\/demos\/bluelogistics25\/wp-content\/uploads\/2024\/09\/transport-logistics-concept.jpg 594w\" sizes=\"(max-width: 235px) 100vw, 235px\" \/>\n            <\/div>\n        <\/div><div class=\"eael-entry-wrapper\"><header class=\"eael-entry-header\"><h2 class=\"eael-entry-title\"><a\n                        class=\"eael-grid-post-link\"\n                        href=\"https:\/\/greyskygraphics-demo.com\/demos\/bluelogistics25\/news\/press-release\/we-launches-prepay-fuel-option-for-carriers\/\"\n                        title=\"We launches prepay fuel option for carriers\">We launches prepay fuel option for carriers<\/a><\/h2><\/header><\/div><\/div>\n        <\/div>\n    <\/article><article class=\"eael-grid-post eael-post-grid-column\" data-id=\"4172\">\n        <div class=\"eael-grid-post-holder\">\n            <div class=\"eael-grid-post-holder-inner\"><div class=\"eael-entry-media\"><div class=\"eael-entry-overlay none\"><i class=\"fas fa-long-arrow-alt-right\" aria-hidden=\"true\"><\/i><a href=\"https:\/\/greyskygraphics-demo.com\/demos\/bluelogistics25\/news\/press-release\/swiftline-earns-2023-top-software-tech-award\/\"><\/a><\/div><div class=\"eael-entry-thumbnail eael-image-ratio\">\n                <img loading=\"lazy\" decoding=\"async\" width=\"235\" height=\"300\" src=\"https:\/\/greyskygraphics-demo.com\/demos\/bluelogistics25\/wp-content\/uploads\/2024\/09\/report-235x300.jpg\" class=\"attachment-medium size-medium wp-image-4173\" alt=\"\" srcset=\"https:\/\/greyskygraphics-demo.com\/demos\/bluelogistics25\/wp-content\/uploads\/2024\/09\/report-235x300.jpg 235w, https:\/\/greyskygraphics-demo.com\/demos\/bluelogistics25\/wp-content\/uploads\/2024\/09\/report.jpg 596w\" sizes=\"(max-width: 235px) 100vw, 235px\" \/>\n            <\/div>\n        <\/div><div class=\"eael-entry-wrapper\"><header class=\"eael-entry-header\"><h2 class=\"eael-entry-title\"><a\n                        class=\"eael-grid-post-link\"\n                        href=\"https:\/\/greyskygraphics-demo.com\/demos\/bluelogistics25\/news\/press-release\/swiftline-earns-2023-top-software-tech-award\/\"\n                        title=\"SwiftLine earns 2023 Top Software &amp; tech award\">SwiftLine earns 2023 Top Software &amp; tech award<\/a><\/h2><\/header><\/div><\/div>\n        <\/div>\n    <\/article><\/div>\n            <div class=\"clearfix\"><\/div>\n        <\/div>            <div class=\"eael-load-more-button-wrap eael-force-hide\">\n                <button class=\"eael-load-more-button\" id=\"eael-load-more-btn-7d9c13b\" data-widget-id=\"7d9c13b\" data-widget=\"7d9c13b\" data-page-id=\"988896\" data-template=\"{&quot;dir&quot;:&quot;lite&quot;,&quot;file_name&quot;:&quot;default.php&quot;,&quot;name&quot;:&quot;Post-Grid&quot;}\" data-class=\"Essential_Addons_Elementor\\Elements\\Post_Grid\" data-layout=\"grid\" data-page=\"1\" data-args=\"orderby=date&amp;order=desc&amp;ignore_sticky_posts=1&amp;post_status=publish&amp;posts_per_page=12&amp;offset=0&amp;post_type=post\" data-max-page=\"2\">\n                    <span class=\"eael-btn-loader button__loader\"><\/span>\n                    <span class=\"eael_load_more_text\">Cargar m\u00e1s<\/span>\n                <\/button>\n            <\/div>\n            \t\t\t\t<\/div>\n\t\t\t\t<\/div>\n\t\t\t\t\t<\/div>\n\t\t\t\t<\/div>\n\t\t\t\t<\/div>\n\t\t","protected":false},"excerpt":{"rendered":"<p>Blog Te compartimos contenido \u00fatil para optimizar tu operaci\u00f3n y hacer crecer tu negocio. Tendencias, novedades y consejos sobre log\u00edstica, almacenamiento y distribuci\u00f3n. Contacto Nuevo Blog Blue Supply Chain Manager: Habilidades y Conocimientos Clave que debe manejar Los S\u00edmbolos Utilizados en el Embalaje \u00bfC\u00f3mo Turqu\u00eda ha aumentado su presencia comercial en El Salvador y el&#8230;<\/p>\n","protected":false},"author":1,"featured_media":0,"parent":0,"menu_order":0,"comment_status":"closed","ping_status":"closed","template":"","meta":{"footnotes":""},"class_list":["post-988896","page","type-page","status-publish","hentry"],"_links":{"self":[{"href":"https:\/\/greyskygraphics-demo.com\/demos\/bluelogistics25\/wp-json\/wp\/v2\/pages\/988896","targetHints":{"allow":["GET"]}}],"collection":[{"href":"https:\/\/greyskygraphics-demo.com\/demos\/bluelogistics25\/wp-json\/wp\/v2\/pages"}],"about":[{"href":"https:\/\/greyskygraphics-demo.com\/demos\/bluelogistics25\/wp-json\/wp\/v2\/types\/page"}],"author":[{"embeddable":true,"href":"https:\/\/greyskygraphics-demo.com\/demos\/bluelogistics25\/wp-json\/wp\/v2\/users\/1"}],"replies":[{"embeddable":true,"href":"https:\/\/greyskygraphics-demo.com\/demos\/bluelogistics25\/wp-json\/wp\/v2\/comments?post=988896"}],"version-history":[{"count":34,"href":"https:\/\/greyskygraphics-demo.com\/demos\/bluelogistics25\/wp-json\/wp\/v2\/pages\/988896\/revisions"}],"predecessor-version":[{"id":992082,"href":"https:\/\/greyskygraphics-demo.com\/demos\/bluelogistics25\/wp-json\/wp\/v2\/pages\/988896\/revisions\/992082"}],"wp:attachment":[{"href":"https:\/\/greyskygraphics-demo.com\/demos\/bluelogistics25\/wp-json\/wp\/v2\/media?parent=988896"}],"curies":[{"name":"wp","href":"https:\/\/api.w.org\/{rel}","templated":true}]}}